{"id":21,"date":"2017-08-14T09:32:25","date_gmt":"2017-08-14T09:32:25","guid":{"rendered":"http:\/\/msf.com.es\/es\/?page_id=21"},"modified":"2025-07-18T10:01:14","modified_gmt":"2025-07-18T10:01:14","slug":"alquiler","status":"publish","type":"page","link":"http:\/\/msf.com.es\/es\/alquiler\/","title":{"rendered":"Alquiler"},"content":{"rendered":"<div class=\"su-row\">\n<div class=\"su-column su-column-size-2-5\"><div class=\"su-column-inner su-u-clearfix su-u-trim\"> El alquiler de equipos y maquinaria es, en muchos casos, una opci\u00f3n m\u00e1s flexible y eficaz para las necesidades intralog\u00edsticas de su empresa. Le permitir\u00e1 adecuar sus equipos a las necesidades de cada momento y mantener siempre su parque de veh\u00edculos renovada. Adem\u00e1s, esta opci\u00f3n le permite una desgravaci\u00f3n fiscal y transformar sus gastos variables en fijos.<\/p>\n<p>En Msf disponemos de una amplia gama de equipos para gestionar la log\u00edstica interna de su empresa con diversas modalidades de alquiler, ofreci\u00e9ndole un contrato a medida seg\u00fan sus necesidades:<\/p>\n<p>&#8211; Alquiler a largo plazo (renting y leasing)<\/p>\n<p>&#8211; Alquiler a corto plazo: puntual y con total flexibilidad<\/p>\n<h4>Alquilamos todo tipo de Carretillas Elevadoras:<\/h4>\n<p style=\"padding-left: 30px;\">TRANSPALETAS<\/p>\n<p style=\"padding-left: 30px;\">APILADORAS<\/p>\n<p style=\"padding-left: 30px;\">RETR\u00c1CTIL<\/p>\n<p style=\"padding-left: 30px;\">CARRETILLAS EL\u00c9CTRICAS<\/p>\n<p style=\"padding-left: 30px;\">CARRETILLAS DIESEL<\/p>\n<h4>M\u00e1quinas de limpieza:<\/h4>\n<p style=\"padding-left: 30px;\">Disponemos de una amplia gama de soluciones para la limpieza industrial<\/p>\n<\/div><\/div>\n<div class=\"su-column su-column-size-3-5\"><div class=\"su-column-inner su-u-clearfix su-u-trim\">\n\n<div class=\"wp-block-image\">\n<figure class=\"alignright size-full\"><img loading=\"lazy\" decoding=\"async\" width=\"773\" height=\"613\" src=\"https:\/\/msf.com.es\/es\/wp-content\/uploads\/sites\/2\/2025\/07\/lloguer_2.jpg\" alt=\"\" class=\"wp-image-1518\" srcset=\"http:\/\/msf.com.es\/es\/wp-content\/uploads\/sites\/2\/2025\/07\/lloguer_2.jpg 773w, http:\/\/msf.com.es\/es\/wp-content\/uploads\/sites\/2\/2025\/07\/lloguer_2-300x238.jpg 300w, http:\/\/msf.com.es\/es\/wp-content\/uploads\/sites\/2\/2025\/07\/lloguer_2-768x609.jpg 768w\" sizes=\"auto, (max-width: 773px) 100vw, 773px\" \/><\/figure><\/div>\n\n<\/div><\/div><\/div>","protected":false},"excerpt":{"rendered":"","protected":false},"author":1,"featured_media":0,"parent":0,"menu_order":0,"comment_status":"closed","ping_status":"closed","template":"templates\/template-full.php","meta":{"_mc_calendar":[],"footnotes":""},"class_list":["post-21","page","type-page","status-publish","hentry","post"],"yoast_head":"<!-- This site is optimized with the Yoast SEO plugin v26.9 - https:\/\/yoast.com\/product\/yoast-seo-wordpress\/ -->\n<title>Alquiler de equipos y maquinaria industrial. Carretillas Elevadoras - Rent a Car Msf<\/title>\n<meta name=\"description\" content=\"Amplia gama para alquiler de equipos y maquinaria industrial. Carretillas Elevadoras: transpaletas, apiladoras, retr\u00e1ctil, carretillas el\u00e9ctricas y diesel\" \/>\n<meta name=\"robots\" content=\"index, follow, max-snippet:-1, max-image-preview:large, max-video-preview:-1\" \/>\n<link rel=\"canonical\" href=\"http:\/\/msf.com.es\/es\/alquiler\/\" \/>\n<meta property=\"og:locale\" content=\"es_ES\" \/>\n<meta property=\"og:type\" content=\"article\" \/>\n<meta property=\"og:title\" content=\"Alquiler de equipos y maquinaria industrial. Carretillas Elevadoras - Rent a Car Msf\" \/>\n<meta property=\"og:description\" content=\"Amplia gama para alquiler de equipos y maquinaria industrial. Carretillas Elevadoras: transpaletas, apiladoras, retr\u00e1ctil, carretillas el\u00e9ctricas y diesel\" \/>\n<meta property=\"og:url\" content=\"http:\/\/msf.com.es\/es\/alquiler\/\" \/>\n<meta property=\"og:site_name\" content=\"RENT A CAR MSF\" \/>\n<meta property=\"article:modified_time\" content=\"2025-07-18T10:01:14+00:00\" \/>\n<meta property=\"og:image\" content=\"https:\/\/msf.com.es\/es\/wp-content\/uploads\/sites\/2\/2025\/07\/lloguer_2.jpg\" \/>\n<meta name=\"twitter:card\" content=\"summary_large_image\" \/>\n<meta name=\"twitter:label1\" content=\"Tiempo de lectura\" \/>\n\t<meta name=\"twitter:data1\" content=\"1 minuto\" \/>\n<script type=\"application\/ld+json\" class=\"yoast-schema-graph\">{\"@context\":\"https:\/\/schema.org\",\"@graph\":[{\"@type\":\"WebPage\",\"@id\":\"http:\/\/msf.com.es\/es\/alquiler\/\",\"url\":\"http:\/\/msf.com.es\/es\/alquiler\/\",\"name\":\"Alquiler de equipos y maquinaria industrial. Carretillas Elevadoras - Rent a Car Msf\",\"isPartOf\":{\"@id\":\"http:\/\/msf.com.es\/es\/#website\"},\"primaryImageOfPage\":{\"@id\":\"http:\/\/msf.com.es\/es\/alquiler\/#primaryimage\"},\"image\":{\"@id\":\"http:\/\/msf.com.es\/es\/alquiler\/#primaryimage\"},\"thumbnailUrl\":\"https:\/\/msf.com.es\/es\/wp-content\/uploads\/sites\/2\/2025\/07\/lloguer_2.jpg\",\"datePublished\":\"2017-08-14T09:32:25+00:00\",\"dateModified\":\"2025-07-18T10:01:14+00:00\",\"description\":\"Amplia gama para alquiler de equipos y maquinaria industrial. Carretillas Elevadoras: transpaletas, apiladoras, retr\u00e1ctil, carretillas el\u00e9ctricas y diesel\",\"breadcrumb\":{\"@id\":\"http:\/\/msf.com.es\/es\/alquiler\/#breadcrumb\"},\"inLanguage\":\"es\",\"potentialAction\":[{\"@type\":\"ReadAction\",\"target\":[\"http:\/\/msf.com.es\/es\/alquiler\/\"]}]},{\"@type\":\"ImageObject\",\"inLanguage\":\"es\",\"@id\":\"http:\/\/msf.com.es\/es\/alquiler\/#primaryimage\",\"url\":\"https:\/\/msf.com.es\/es\/wp-content\/uploads\/sites\/2\/2025\/07\/lloguer_2.jpg\",\"contentUrl\":\"https:\/\/msf.com.es\/es\/wp-content\/uploads\/sites\/2\/2025\/07\/lloguer_2.jpg\"},{\"@type\":\"BreadcrumbList\",\"@id\":\"http:\/\/msf.com.es\/es\/alquiler\/#breadcrumb\",\"itemListElement\":[{\"@type\":\"ListItem\",\"position\":1,\"name\":\"Portada\",\"item\":\"http:\/\/msf.com.es\/es\/\"},{\"@type\":\"ListItem\",\"position\":2,\"name\":\"Alquiler\"}]},{\"@type\":\"WebSite\",\"@id\":\"http:\/\/msf.com.es\/es\/#website\",\"url\":\"http:\/\/msf.com.es\/es\/\",\"name\":\"RENT A CAR MSF\",\"description\":\"Alquiler de equipos y maquinaria industrial\",\"potentialAction\":[{\"@type\":\"SearchAction\",\"target\":{\"@type\":\"EntryPoint\",\"urlTemplate\":\"http:\/\/msf.com.es\/es\/?s={search_term_string}\"},\"query-input\":{\"@type\":\"PropertyValueSpecification\",\"valueRequired\":true,\"valueName\":\"search_term_string\"}}],\"inLanguage\":\"es\"}]}<\/script>\n<!-- \/ Yoast SEO plugin. -->","yoast_head_json":{"title":"Alquiler de equipos y maquinaria industrial. Carretillas Elevadoras - Rent a Car Msf","description":"Amplia gama para alquiler de equipos y maquinaria industrial. Carretillas Elevadoras: transpaletas, apiladoras, retr\u00e1ctil, carretillas el\u00e9ctricas y diesel","robots":{"index":"index","follow":"follow","max-snippet":"max-snippet:-1","max-image-preview":"max-image-preview:large","max-video-preview":"max-video-preview:-1"},"canonical":"http:\/\/msf.com.es\/es\/alquiler\/","og_locale":"es_ES","og_type":"article","og_title":"Alquiler de equipos y maquinaria industrial. Carretillas Elevadoras - Rent a Car Msf","og_description":"Amplia gama para alquiler de equipos y maquinaria industrial. Carretillas Elevadoras: transpaletas, apiladoras, retr\u00e1ctil, carretillas el\u00e9ctricas y diesel","og_url":"http:\/\/msf.com.es\/es\/alquiler\/","og_site_name":"RENT A CAR MSF","article_modified_time":"2025-07-18T10:01:14+00:00","og_image":[{"url":"https:\/\/msf.com.es\/es\/wp-content\/uploads\/sites\/2\/2025\/07\/lloguer_2.jpg","type":"","width":"","height":""}],"twitter_card":"summary_large_image","twitter_misc":{"Tiempo de lectura":"1 minuto"},"schema":{"@context":"https:\/\/schema.org","@graph":[{"@type":"WebPage","@id":"http:\/\/msf.com.es\/es\/alquiler\/","url":"http:\/\/msf.com.es\/es\/alquiler\/","name":"Alquiler de equipos y maquinaria industrial. Carretillas Elevadoras - Rent a Car Msf","isPartOf":{"@id":"http:\/\/msf.com.es\/es\/#website"},"primaryImageOfPage":{"@id":"http:\/\/msf.com.es\/es\/alquiler\/#primaryimage"},"image":{"@id":"http:\/\/msf.com.es\/es\/alquiler\/#primaryimage"},"thumbnailUrl":"https:\/\/msf.com.es\/es\/wp-content\/uploads\/sites\/2\/2025\/07\/lloguer_2.jpg","datePublished":"2017-08-14T09:32:25+00:00","dateModified":"2025-07-18T10:01:14+00:00","description":"Amplia gama para alquiler de equipos y maquinaria industrial. Carretillas Elevadoras: transpaletas, apiladoras, retr\u00e1ctil, carretillas el\u00e9ctricas y diesel","breadcrumb":{"@id":"http:\/\/msf.com.es\/es\/alquiler\/#breadcrumb"},"inLanguage":"es","potentialAction":[{"@type":"ReadAction","target":["http:\/\/msf.com.es\/es\/alquiler\/"]}]},{"@type":"ImageObject","inLanguage":"es","@id":"http:\/\/msf.com.es\/es\/alquiler\/#primaryimage","url":"https:\/\/msf.com.es\/es\/wp-content\/uploads\/sites\/2\/2025\/07\/lloguer_2.jpg","contentUrl":"https:\/\/msf.com.es\/es\/wp-content\/uploads\/sites\/2\/2025\/07\/lloguer_2.jpg"},{"@type":"BreadcrumbList","@id":"http:\/\/msf.com.es\/es\/alquiler\/#breadcrumb","itemListElement":[{"@type":"ListItem","position":1,"name":"Portada","item":"http:\/\/msf.com.es\/es\/"},{"@type":"ListItem","position":2,"name":"Alquiler"}]},{"@type":"WebSite","@id":"http:\/\/msf.com.es\/es\/#website","url":"http:\/\/msf.com.es\/es\/","name":"RENT A CAR MSF","description":"Alquiler de equipos y maquinaria industrial","potentialAction":[{"@type":"SearchAction","target":{"@type":"EntryPoint","urlTemplate":"http:\/\/msf.com.es\/es\/?s={search_term_string}"},"query-input":{"@type":"PropertyValueSpecification","valueRequired":true,"valueName":"search_term_string"}}],"inLanguage":"es"}]}},"_links":{"self":[{"href":"http:\/\/msf.com.es\/es\/wp-json\/wp\/v2\/pages\/21","targetHints":{"allow":["GET"]}}],"collection":[{"href":"http:\/\/msf.com.es\/es\/wp-json\/wp\/v2\/pages"}],"about":[{"href":"http:\/\/msf.com.es\/es\/wp-json\/wp\/v2\/types\/page"}],"author":[{"embeddable":true,"href":"http:\/\/msf.com.es\/es\/wp-json\/wp\/v2\/users\/1"}],"replies":[{"embeddable":true,"href":"http:\/\/msf.com.es\/es\/wp-json\/wp\/v2\/comments?post=21"}],"version-history":[{"count":20,"href":"http:\/\/msf.com.es\/es\/wp-json\/wp\/v2\/pages\/21\/revisions"}],"predecessor-version":[{"id":1521,"href":"http:\/\/msf.com.es\/es\/wp-json\/wp\/v2\/pages\/21\/revisions\/1521"}],"wp:attachment":[{"href":"http:\/\/msf.com.es\/es\/wp-json\/wp\/v2\/media?parent=21"}],"curies":[{"name":"wp","href":"https:\/\/api.w.org\/{rel}","templated":true}]}}