{"id":793,"date":"2020-01-15T09:42:44","date_gmt":"2020-01-15T09:42:44","guid":{"rendered":"http:\/\/msf.com.es\/es\/?page_id=793"},"modified":"2021-01-27T13:54:44","modified_gmt":"2021-01-27T13:54:44","slug":"curso-conductor-de-carretillas-elevadoras","status":"publish","type":"page","link":"http:\/\/msf.com.es\/es\/curso-conductor-de-carretillas-elevadoras\/","title":{"rendered":"Curso Conductor de Carretillas Elevadoras"},"content":{"rendered":"<div id=\"pl-793\"  class=\"panel-layout\" ><div id=\"pg-793-0\"  class=\"panel-grid panel-no-style\" ><div id=\"pgc-793-0-0\"  class=\"panel-grid-cell\" ><div id=\"panel-793-0-0-0\" class=\"so-panel widget widget_sow-editor panel-first-child panel-last-child\" data-index=\"0\" ><div class=\"panel-widget-style panel-widget-style-for-793-0-0-0\" ><div\n\t\t\t\n\t\t\tclass=\"so-widget-sow-editor so-widget-sow-editor-base\"\n\t\t\t\n\t\t>\n<div class=\"siteorigin-widget-tinymce textwidget\">\n\t<p style=\"text-align: center; font-size: 28px; line-height: 29px;\"><strong>Curso Conductor de<br \/>\nCarretillas Elevadoras:<\/strong><\/p>\n<p style=\"text-align: center;\"><img loading=\"lazy\" decoding=\"async\" class=\"size-full wp-image-957 aligncenter\" src=\"http:\/\/msf.com.es\/es\/wp-content\/uploads\/sites\/2\/2020\/01\/05banner-msf-1.png\" alt=\"\" width=\"820\" height=\"325\" srcset=\"http:\/\/msf.com.es\/es\/wp-content\/uploads\/sites\/2\/2020\/01\/05banner-msf-1.png 820w, http:\/\/msf.com.es\/es\/wp-content\/uploads\/sites\/2\/2020\/01\/05banner-msf-1-300x119.png 300w, http:\/\/msf.com.es\/es\/wp-content\/uploads\/sites\/2\/2020\/01\/05banner-msf-1-768x304.png 768w\" sizes=\"auto, (max-width: 820px) 100vw, 820px\" \/><\/p>\n<p><div class=\"su-row\"><\/div><\/p>\n<\/div>\n<\/div><\/div><\/div><\/div><\/div><div id=\"pg-793-1\"  class=\"panel-grid panel-no-style\" ><div id=\"pgc-793-1-0\"  class=\"panel-grid-cell panel-grid-cell-empty\" ><\/div><div id=\"pgc-793-1-1\"  class=\"panel-grid-cell panel-grid-cell-mobile-last\" ><div id=\"panel-793-1-1-0\" class=\"so-panel widget widget_text panel-first-child panel-last-child\" data-index=\"1\" ><div class=\"panel-widget-style panel-widget-style-for-793-1-1-0\" >\t\t\t<div class=\"textwidget\"><div class=\"su-row\">\n<div class=\"su-column su-column-size-1-1 su-column-centered\">\n<div class=\"su-column-inner su-u-clearfix su-u-trim\">\n<div class=\"su-spoiler su-spoiler-style-fancy su-spoiler-icon-plus su-spoiler-closed\" data-anchor=\"carretons\" data-scroll-offset=\"0\" data-anchor-in-url=\"no\">\n<div class=\"su-spoiler-title\" tabindex=\"0\" role=\"button\"><span class=\"su-spoiler-icon\"><\/span>CURSO PROFESIONAL<br \/>\nVER CONTENIDO &gt;&gt;<\/div>\n<div class=\"su-spoiler-content su-u-clearfix su-u-trim\">\n<table border=\"0\" cellspacing=\"0\" cellpadding=\"0\">\n<tbody>\n<tr>\n<td width=\"161\">\n<p align=\"center\"><strong>OPCI\u00d3N 1<\/strong><\/p>\n<\/td>\n<td width=\"161\">\n<p align=\"center\"><strong>OPCI\u00d3N 2<\/strong><\/p>\n<\/td>\n<\/tr>\n<tr>\n<td width=\"161\">\n<p align=\"center\">Carretilla frontal contrapesada<br \/>\n+<br \/>\nTranspaleta<br \/>\n+<br \/>\nApilador<br \/>\n+<br \/>\nRecogepedidos<\/p>\n<\/td>\n<td width=\"161\">\n<p align=\"center\">Carretilla Retr\u00e1ctil<br \/>\n+<br \/>\nTrasnpaleta<br \/>\n+<br \/>\nApilador<br \/>\n+<br \/>\nRecogepedidos<\/p>\n<p>&nbsp;<\/td>\n<\/tr>\n<\/tbody>\n<\/table>\n<table border=\"1\" cellspacing=\"0\" cellpadding=\"0\">\n<tbody>\n<tr>\n<td width=\"250\">\n<p align=\"center\"><strong>CARACTER\u00cdSTICAS<\/strong><\/p>\n<p align=\"center\">Teor\u00eda b\u00e1sica<br \/>\nPr\u00e1ctica b\u00e1sica<\/p>\n<p align=\"center\">\n<\/td>\n<\/tr>\n<\/tbody>\n<\/table>\n<table border=\"1\" cellspacing=\"0\" cellpadding=\"0\">\n<tbody>\n<tr>\n<td width=\"250\">\n<p style=\"text-align: center;\" align=\"center\"><strong>CONTENIDO<\/strong><\/p>\n<p style=\"text-align: center;\"><strong> Teor\u00eda 3h<\/strong><\/p>\n<ul style=\"text-align: center;\">\n<li>&#8211; Consideraciones generales<\/li>\n<li>&#8211; Consideraciones antes de usar la carretilla<\/li>\n<li>&#8211; Consideraciones durante el uso de la carretilla<\/li>\n<li>&#8211; Consideraciones despu\u00e9s del uso de la carretilla<\/li>\n<\/ul>\n<p style=\"text-align: center;\"><strong>Pr\u00e1ctica 4h<\/strong><\/p>\n<ul>\n<li style=\"text-align: center;\">&#8211; Inspecci\u00f3n previa de la m\u00e1quina<\/li>\n<li style=\"text-align: center;\">&#8211; Maniobras sin carga, desplazamiento, giros, frenadas, etc<\/li>\n<li style=\"text-align: center;\">&#8211; Maniobras similares con carga<\/li>\n<li style=\"text-align: center;\">&#8211; Colocaci\u00f3n y retirada de cargas en estanter\u00edas<\/li>\n<\/ul>\n<\/td>\n<\/tr>\n<\/tbody>\n<\/table>\n<table border=\"1\" cellspacing=\"0\" cellpadding=\"0\">\n<tbody>\n<tr>\n<td width=\"321\">\n<p align=\"center\"><strong>QUE OBTENDR\u00c1S AL ACABAR?<\/strong><\/p>\n<p align=\"center\">Certificado OFICIAL en cumplimiento del RD. 1215\/97<\/p>\n<p align=\"center\">Carnet Personalizado<\/p>\n<\/td>\n<\/tr>\n<\/tbody>\n<\/table>\n<table border=\"1\" cellspacing=\"0\" cellpadding=\"0\">\n<tbody>\n<tr>\n<td valign=\"top\" width=\"321\">\n<p align=\"center\">La parte te\u00f3rica es com\u00fan para ambas opciones<\/p>\n<p align=\"center\">En caso de no superar la evaluaci\u00f3n te\u00f3rica y\/o pr\u00e1ctica se dispondr\u00e1 de una segunda convocatoria adicional<\/p>\n<\/td>\n<\/tr>\n<\/tbody>\n<\/table>\n<div class=\"su-button-center\"><a href=\"http:\/\/msf.com.es\/es\/inscripcion-cursos-msf\/\" class=\"su-button su-button-style-glass\" style=\"color:#FFFFFF;background-color:#ed891c;border-color:#be6e17;border-radius:40px\" target=\"_blank\" rel=\"noopener noreferrer\"><span style=\"color:#FFFFFF;padding:7px 20px;font-size:16px;line-height:24px;border-color:#f3ad61;border-radius:40px;text-shadow:none\"><i class=\"sui sui-angle-double-right\" style=\"font-size:16px;color:#FFFFFF\"><\/i> QUIERO INSCRIBIRME<\/span><\/a><\/div>\n<\/div>\n<\/div>\n<\/div>\n<\/div><\/div>\n<\/div>\n\t\t<\/div><\/div><\/div><div id=\"pgc-793-1-2\"  class=\"panel-grid-cell panel-grid-cell-empty\" ><\/div><\/div><div id=\"pg-793-2\"  class=\"panel-grid panel-no-style\" ><div id=\"pgc-793-2-0\"  class=\"panel-grid-cell\" ><div id=\"panel-793-2-0-0\" class=\"so-panel widget widget_sow-editor panel-first-child panel-last-child\" data-index=\"2\" ><div class=\"panel-widget-style panel-widget-style-for-793-2-0-0\" ><div\n\t\t\t\n\t\t\tclass=\"so-widget-sow-editor so-widget-sow-editor-base\"\n\t\t\t\n\t\t>\n<div class=\"siteorigin-widget-tinymce textwidget\">\n\t<div class=\"su-row\">\n<p style=\"text-align: center;\">\n<div id=\"su_carousel_69f642a66f874\" class=\"su-carousel su-carousel-centered su-carousel-pages-no su-carousel-responsive-yes\" style=\"width:100%\" data-autoplay=\"3000\" data-speed=\"600\" data-mousewheel=\"true\" data-items=\"4\" data-scroll=\"1\">\n<div class=\"su-carousel-slides\">\n<div class=\"su-carousel-slide\"><a><img decoding=\"async\" src=\"http:\/\/msf.com.es\/es\/wp-content\/uploads\/sites\/2\/2019\/11\/2-1.jpg\" alt=\"2\" \/><\/a><\/div>\n<div class=\"su-carousel-slide\"><a><img decoding=\"async\" src=\"http:\/\/msf.com.es\/es\/wp-content\/uploads\/sites\/2\/2019\/11\/7.jpg\" alt=\"7\" \/><\/a><\/div>\n<div class=\"su-carousel-slide\"><a><img decoding=\"async\" src=\"http:\/\/msf.com.es\/es\/wp-content\/uploads\/sites\/2\/2019\/11\/6.jpg\" alt=\"6\" \/><\/a><\/div>\n<div class=\"su-carousel-slide\"><a><img decoding=\"async\" src=\"http:\/\/msf.com.es\/es\/wp-content\/uploads\/sites\/2\/2019\/11\/1.jpg\" alt=\"1\" \/><\/a><\/div>\n<div class=\"su-carousel-slide\"><a><img decoding=\"async\" src=\"http:\/\/msf.com.es\/es\/wp-content\/uploads\/sites\/2\/2019\/11\/5.jpg\" alt=\"5\" \/><\/a><\/div>\n<div class=\"su-carousel-slide\"><a><img decoding=\"async\" src=\"http:\/\/msf.com.es\/es\/wp-content\/uploads\/sites\/2\/2019\/11\/4.jpg\" alt=\"4\" \/><\/a><\/div>\n<div class=\"su-carousel-slide\"><a><img decoding=\"async\" src=\"http:\/\/msf.com.es\/es\/wp-content\/uploads\/sites\/2\/2019\/11\/3.jpg\" alt=\"3\" \/><\/a><\/div>\n<\/div>\n<div class=\"su-carousel-nav\">\n<div class=\"su-carousel-direction\"><span class=\"su-carousel-prev\"><\/span><span class=\"su-carousel-next\"><\/span><\/div>\n<div class=\"su-carousel-pagination\"><\/div>\n<\/div>\n<\/div>\n<\/div>\n<\/div>\n<\/div><\/div><\/div><\/div><\/div><div id=\"pg-793-3\"  class=\"panel-grid panel-no-style\" ><div id=\"pgc-793-3-0\"  class=\"panel-grid-cell\" ><div id=\"panel-793-3-0-0\" class=\"so-panel widget widget_text panel-first-child panel-last-child\" data-index=\"3\" ><div class=\"panel-widget-style panel-widget-style-for-793-3-0-0\" >\t\t\t<div class=\"textwidget\"><div class=\"su-row\">\n<div class=\"su-column su-column-size-1-1 su-column-centered\">\n<div class=\"su-column-inner su-u-clearfix su-u-trim\">\n<div class=\"su-spoiler su-spoiler-style-fancy su-spoiler-icon-plus su-spoiler-closed\" data-anchor=\"carretons-une\" data-scroll-offset=\"0\" data-anchor-in-url=\"no\">\n<div class=\"su-spoiler-title\" tabindex=\"0\" role=\"button\"><span class=\"su-spoiler-icon\"><\/span>CURSO EXPR\u00c9S<br \/>\nVER CONTENIDO &gt;&gt;<\/div>\n<div class=\"su-spoiler-content su-u-clearfix su-u-trim\">\n<div class=\"su-button-center\"><a href=\"http:\/\/msf.com.es\/es\/inscripcion-cursos-msf\/\" class=\"su-button su-button-style-glass\" style=\"color:#FFFFFF;background-color:#ed891c;border-color:#be6e17;border-radius:40px\" target=\"_blank\" rel=\"noopener noreferrer\"><span style=\"color:#FFFFFF;padding:7px 20px;font-size:16px;line-height:24px;border-color:#f3ad61;border-radius:40px;text-shadow:none\"><i class=\"sui sui-angle-double-right\" style=\"font-size:16px;color:#FFFFFF\"><\/i> QUIERO INSCRIBIRME<\/span><\/a><\/div>\n<\/div>\n<\/div><\/div>\n<\/div>\n<\/div>\n<p>&nbsp;<\/p>\n<p>&nbsp;<\/p>\n<\/div>\n\t\t<\/div><\/div><\/div><div id=\"pgc-793-3-1\"  class=\"panel-grid-cell\" ><div id=\"panel-793-3-1-0\" class=\"so-panel widget widget_text panel-first-child panel-last-child\" data-index=\"4\" ><div class=\"panel-widget-style panel-widget-style-for-793-3-1-0\" >\t\t\t<div class=\"textwidget\"><div class=\"su-row\">\n<div class=\"su-column su-column-size-1-1 su-column-centered\">\n<div class=\"su-column-inner su-u-clearfix su-u-trim\">\n<div class=\"su-spoiler su-spoiler-style-fancy su-spoiler-icon-plus su-spoiler-closed\" data-anchor=\"carretons-une\" data-scroll-offset=\"0\" data-anchor-in-url=\"no\">\n<div class=\"su-spoiler-title\" tabindex=\"0\" role=\"button\"><span class=\"su-spoiler-icon\"><\/span>CURSO UNE<br \/>\nVER CONTENIDO &gt;&gt;<\/div>\n<div class=\"su-spoiler-content su-u-clearfix su-u-trim\">\n<table border=\"1\" cellspacing=\"0\" cellpadding=\"0\">\n<tbody>\n<tr>\n<td width=\"161\">\n<p align=\"center\"><strong>OPCI\u00d3N 1<\/strong><\/p>\n<\/td>\n<td width=\"161\">\n<p align=\"center\"><strong>OPCI\u00d3N 2<\/strong><\/p>\n<\/td>\n<\/tr>\n<tr>\n<td width=\"161\">\n<p align=\"center\">Carretilla frontal contrapesada<\/p>\n<\/td>\n<td width=\"161\">\n<p align=\"center\">Carretilla Retr\u00e1ctil<\/p>\n<\/td>\n<\/tr>\n<\/tbody>\n<\/table>\n<table border=\"1\" cellspacing=\"0\" cellpadding=\"0\">\n<tbody>\n<tr>\n<td width=\"250\">\n<p align=\"center\"><strong>CARACTER\u00cdSTICAS<\/strong><\/p>\n<\/td>\n<\/tr>\n<tr>\n<td valign=\"top\" width=\"250\">\n<p align=\"center\">Teor\u00eda espec\u00edfica seg\u00fan norma UNE<br \/>\nPr\u00e1ctica espec\u00edfica seg\u00fan norma UNE<br \/>\nPlazas limitadas<br \/>\n1h de pr\u00e1ctica por alumno<\/p>\n<\/td>\n<\/tr>\n<\/tbody>\n<\/table>\n<table border=\"1\" cellspacing=\"0\" cellpadding=\"0\">\n<tbody>\n<tr>\n<td width=\"250\">\n<p align=\"center\"><strong>CONTENIDO<\/strong><\/p>\n<p><strong> Teor\u00eda 6h<\/strong><\/p>\n<ul>\n<li>&#8211; Mentalizaci\u00f3n general sobre riesgos, accidentes y seguridad laboral<\/li>\n<li>&#8211; Conceptos b\u00e1sicos de uso habitual<\/li>\n<li>&#8211; Legislaci\u00f3n b\u00e1sica<\/li>\n<li>&#8211; S\u00edmbolos y pictogramas<\/li>\n<li>&#8211; Descripci\u00f3n general de las partes de la carretilla y de los equipos utilizados<\/li>\n<li>&#8211; Carga nominal, carga admisible, centro de cargas, altura de elevaci\u00f3n, etc.<\/li>\n<li>&#8211; Control diario de puesta en marcha<\/li>\n<li>&#8211; Mantenimiento preventivo t\u00edpico, ruedas, niveles<\/li>\n<li>&#8211; Estacionamiento de la m\u00e1quina<\/li>\n<\/ul>\n<p><strong>Pr\u00e1ctica 6h<\/strong><\/p>\n<ul>\n<li>&#8211; Conocimiento de las partes de la m\u00e1quina<\/li>\n<li>&#8211; Comprobaci\u00f3n de puesta en marcha, direcci\u00f3n, frenos, claxon, etc<\/li>\n<li>&#8211; Maniobras sin carga, desplazamiento en ambas direcciones, velocidades, giros, frenadas, etc<\/li>\n<li>&#8211; Maniobras similares con carga<\/li>\n<li>&#8211; Apilado y retirado de cargas en superficie libre<\/li>\n<li>&#8211; Colocaci\u00f3n y retirada de cargas a diferentes alturas en estanter\u00edas exteriores e interiores<\/li>\n<li>&#8211; Maniobras con accesorios, pinzas, contenedores, pescantes, etc<\/li>\n<li>&#8211; Maniobras extraordinarias, como cargas de dimensiones o caracter\u00edsticas fuera de lo normal<\/li>\n<\/ul>\n<\/td>\n<\/tr>\n<\/tbody>\n<\/table>\n<table border=\"1\" cellspacing=\"0\" cellpadding=\"0\">\n<tbody>\n<tr>\n<td width=\"321\">\n<p align=\"center\"><strong>QUE OBTENDR\u00c1S AL ACABAR?<\/strong><\/p>\n<\/td>\n<\/tr>\n<tr>\n<td valign=\"top\" width=\"321\">\n<p align=\"center\">Certificado OFICIAL en cumplimiento de la Norma UNE 58451<\/p>\n<p align=\"center\">Carnet Personalizado UNE<\/p>\n<p align=\"center\">Inscripci\u00f3n en nuestra bolsa de trabajo<\/p>\n<\/td>\n<\/tr>\n<\/tbody>\n<\/table>\n<div class=\"su-button-center\"><a href=\"http:\/\/msf.com.es\/es\/inscripcion-cursos-msf\/\" class=\"su-button su-button-style-glass\" style=\"color:#FFFFFF;background-color:#ed891c;border-color:#be6e17;border-radius:40px\" target=\"_blank\" rel=\"noopener noreferrer\"><span style=\"color:#FFFFFF;padding:7px 20px;font-size:16px;line-height:24px;border-color:#f3ad61;border-radius:40px;text-shadow:none\"><i class=\"sui sui-angle-double-right\" style=\"font-size:16px;color:#FFFFFF\"><\/i> QUIERO INSCRIBIRME<\/span><\/a><\/div>\n<\/div>\n<\/div><\/div>\n<\/div>\n<\/div>\n<p>&nbsp;<\/p>\n<p>&nbsp;<\/p>\n<\/div>\n\t\t<\/div><\/div><\/div><div id=\"pgc-793-3-2\"  class=\"panel-grid-cell\" ><div id=\"panel-793-3-2-0\" class=\"so-panel widget widget_text panel-first-child panel-last-child\" data-index=\"5\" ><div class=\"panel-widget-style panel-widget-style-for-793-3-2-0\" >\t\t\t<div class=\"textwidget\"><div class=\"su-row\">\n<div class=\"su-column su-column-size-1-1 su-column-centered\">\n<div class=\"su-column-inner su-u-clearfix su-u-trim\">\n<div class=\"su-spoiler su-spoiler-style-fancy su-spoiler-icon-plus su-spoiler-closed\" data-anchor=\"carretons-une\" data-scroll-offset=\"0\" data-anchor-in-url=\"no\">\n<div class=\"su-spoiler-title\" tabindex=\"0\" role=\"button\"><span class=\"su-spoiler-icon\"><\/span>PR\u00c1CTICAS PARTICULARES<br \/>\nVER CONTENIDO &gt;&gt;<\/div>\n<div class=\"su-spoiler-content su-u-clearfix su-u-trim\">\n<div class=\"su-button-center\"><a href=\"http:\/\/msf.com.es\/es\/inscripcion-cursos-msf\/\" class=\"su-button su-button-style-glass\" style=\"color:#FFFFFF;background-color:#ed891c;border-color:#be6e17;border-radius:40px\" target=\"_blank\" rel=\"noopener noreferrer\"><span style=\"color:#FFFFFF;padding:7px 20px;font-size:16px;line-height:24px;border-color:#f3ad61;border-radius:40px;text-shadow:none\"><i class=\"sui sui-angle-double-right\" style=\"font-size:16px;color:#FFFFFF\"><\/i> QUIERO INSCRIBIRME<\/span><\/a><\/div>\n<\/div>\n<\/div><\/div>\n<\/div>\n<\/div>\n<p>&nbsp;<\/p>\n<p>&nbsp;<\/p>\n<\/div>\n\t\t<\/div><\/div><\/div><\/div><div id=\"pg-793-4\"  class=\"panel-grid panel-has-style\" ><div class=\"panel-row-style panel-row-style-for-793-4\" ><div id=\"pgc-793-4-0\"  class=\"panel-grid-cell\" ><div id=\"panel-793-4-0-0\" class=\"so-panel widget panel-first-child\" data-index=\"6\" ><\/div><div id=\"panel-793-4-0-1\" class=\"so-panel widget panel-last-child\" data-index=\"7\" ><\/div><\/div><div id=\"pgc-793-4-1\"  class=\"panel-grid-cell\" ><div id=\"panel-793-4-1-0\" class=\"so-panel widget widget_text panel-first-child\" data-index=\"8\" ><div class=\"panel-widget-style panel-widget-style-for-793-4-1-0\" >\t\t\t<div class=\"textwidget\"><h1 style=\"text-align: center;\"><strong>\u00bfQuieres que te llamemos?<\/strong><\/h1>\n<\/div>\n\t\t<\/div><\/div><div id=\"panel-793-4-1-1\" class=\"so-panel widget panel-last-child\" data-index=\"9\" ><\/div><\/div><div id=\"pgc-793-4-2\"  class=\"panel-grid-cell\" ><div id=\"panel-793-4-2-0\" class=\"so-panel widget panel-first-child\" data-index=\"10\" ><\/div><div id=\"panel-793-4-2-1\" class=\"so-panel widget panel-last-child\" data-index=\"11\" ><\/div><\/div><\/div><\/div><div id=\"pg-793-5\"  class=\"panel-grid panel-no-style\" ><div id=\"pgc-793-5-0\"  class=\"panel-grid-cell\" ><div id=\"panel-793-5-0-0\" class=\"so-panel widget panel-first-child panel-last-child\" data-index=\"12\" ><\/div><\/div><\/div><\/div>","protected":false},"excerpt":{"rendered":"<p>Curso Conductor de Carretillas Elevadoras:<\/p>\n","protected":false},"author":1,"featured_media":0,"parent":0,"menu_order":0,"comment_status":"closed","ping_status":"closed","template":"","meta":{"_mc_calendar":[],"footnotes":""},"class_list":["post-793","page","type-page","status-publish","hentry","post"],"yoast_head":"<!-- This site is optimized with the Yoast SEO plugin v26.9 - https:\/\/yoast.com\/product\/yoast-seo-wordpress\/ -->\n<title>Curso Conductor de Carretillas Elevadoras - RENT A CAR MSF<\/title>\n<meta name=\"robots\" content=\"index, follow, max-snippet:-1, max-image-preview:large, max-video-preview:-1\" \/>\n<link rel=\"canonical\" href=\"http:\/\/msf.com.es\/es\/curso-conductor-de-carretillas-elevadoras\/\" \/>\n<meta property=\"og:locale\" content=\"es_ES\" \/>\n<meta property=\"og:type\" content=\"article\" \/>\n<meta property=\"og:title\" content=\"Curso Conductor de Carretillas Elevadoras - RENT A CAR MSF\" \/>\n<meta property=\"og:description\" content=\"Curso Conductor de Carretillas Elevadoras:\" \/>\n<meta property=\"og:url\" content=\"http:\/\/msf.com.es\/es\/curso-conductor-de-carretillas-elevadoras\/\" \/>\n<meta property=\"og:site_name\" content=\"RENT A CAR MSF\" \/>\n<meta property=\"article:modified_time\" content=\"2021-01-27T13:54:44+00:00\" \/>\n<meta property=\"og:image\" content=\"http:\/\/msf.com.es\/es\/wp-content\/uploads\/sites\/2\/2020\/01\/05banner-msf-1.png\" \/>\n<meta name=\"twitter:card\" content=\"summary_large_image\" \/>\n<meta name=\"twitter:label1\" content=\"Tiempo de lectura\" \/>\n\t<meta name=\"twitter:data1\" content=\"2 minutos\" \/>\n<script type=\"application\/ld+json\" class=\"yoast-schema-graph\">{\"@context\":\"https:\/\/schema.org\",\"@graph\":[{\"@type\":\"WebPage\",\"@id\":\"http:\/\/msf.com.es\/es\/curso-conductor-de-carretillas-elevadoras\/\",\"url\":\"http:\/\/msf.com.es\/es\/curso-conductor-de-carretillas-elevadoras\/\",\"name\":\"Curso Conductor de Carretillas Elevadoras - RENT A CAR MSF\",\"isPartOf\":{\"@id\":\"http:\/\/msf.com.es\/es\/#website\"},\"primaryImageOfPage\":{\"@id\":\"http:\/\/msf.com.es\/es\/curso-conductor-de-carretillas-elevadoras\/#primaryimage\"},\"image\":{\"@id\":\"http:\/\/msf.com.es\/es\/curso-conductor-de-carretillas-elevadoras\/#primaryimage\"},\"thumbnailUrl\":\"http:\/\/msf.com.es\/es\/wp-content\/uploads\/sites\/2\/2020\/01\/05banner-msf-1.png\",\"datePublished\":\"2020-01-15T09:42:44+00:00\",\"dateModified\":\"2021-01-27T13:54:44+00:00\",\"breadcrumb\":{\"@id\":\"http:\/\/msf.com.es\/es\/curso-conductor-de-carretillas-elevadoras\/#breadcrumb\"},\"inLanguage\":\"es\",\"potentialAction\":[{\"@type\":\"ReadAction\",\"target\":[\"http:\/\/msf.com.es\/es\/curso-conductor-de-carretillas-elevadoras\/\"]}]},{\"@type\":\"ImageObject\",\"inLanguage\":\"es\",\"@id\":\"http:\/\/msf.com.es\/es\/curso-conductor-de-carretillas-elevadoras\/#primaryimage\",\"url\":\"http:\/\/msf.com.es\/es\/wp-content\/uploads\/sites\/2\/2020\/01\/05banner-msf-1.png\",\"contentUrl\":\"http:\/\/msf.com.es\/es\/wp-content\/uploads\/sites\/2\/2020\/01\/05banner-msf-1.png\",\"width\":820,\"height\":325},{\"@type\":\"BreadcrumbList\",\"@id\":\"http:\/\/msf.com.es\/es\/curso-conductor-de-carretillas-elevadoras\/#breadcrumb\",\"itemListElement\":[{\"@type\":\"ListItem\",\"position\":1,\"name\":\"Portada\",\"item\":\"http:\/\/msf.com.es\/es\/\"},{\"@type\":\"ListItem\",\"position\":2,\"name\":\"Curso Conductor de Carretillas Elevadoras\"}]},{\"@type\":\"WebSite\",\"@id\":\"http:\/\/msf.com.es\/es\/#website\",\"url\":\"http:\/\/msf.com.es\/es\/\",\"name\":\"RENT A CAR MSF\",\"description\":\"Alquiler de equipos y maquinaria industrial\",\"potentialAction\":[{\"@type\":\"SearchAction\",\"target\":{\"@type\":\"EntryPoint\",\"urlTemplate\":\"http:\/\/msf.com.es\/es\/?s={search_term_string}\"},\"query-input\":{\"@type\":\"PropertyValueSpecification\",\"valueRequired\":true,\"valueName\":\"search_term_string\"}}],\"inLanguage\":\"es\"}]}<\/script>\n<!-- \/ Yoast SEO plugin. -->","yoast_head_json":{"title":"Curso Conductor de Carretillas Elevadoras - RENT A CAR MSF","robots":{"index":"index","follow":"follow","max-snippet":"max-snippet:-1","max-image-preview":"max-image-preview:large","max-video-preview":"max-video-preview:-1"},"canonical":"http:\/\/msf.com.es\/es\/curso-conductor-de-carretillas-elevadoras\/","og_locale":"es_ES","og_type":"article","og_title":"Curso Conductor de Carretillas Elevadoras - RENT A CAR MSF","og_description":"Curso Conductor de Carretillas Elevadoras:","og_url":"http:\/\/msf.com.es\/es\/curso-conductor-de-carretillas-elevadoras\/","og_site_name":"RENT A CAR MSF","article_modified_time":"2021-01-27T13:54:44+00:00","og_image":[{"url":"http:\/\/msf.com.es\/es\/wp-content\/uploads\/sites\/2\/2020\/01\/05banner-msf-1.png","type":"","width":"","height":""}],"twitter_card":"summary_large_image","twitter_misc":{"Tiempo de lectura":"2 minutos"},"schema":{"@context":"https:\/\/schema.org","@graph":[{"@type":"WebPage","@id":"http:\/\/msf.com.es\/es\/curso-conductor-de-carretillas-elevadoras\/","url":"http:\/\/msf.com.es\/es\/curso-conductor-de-carretillas-elevadoras\/","name":"Curso Conductor de Carretillas Elevadoras - RENT A CAR MSF","isPartOf":{"@id":"http:\/\/msf.com.es\/es\/#website"},"primaryImageOfPage":{"@id":"http:\/\/msf.com.es\/es\/curso-conductor-de-carretillas-elevadoras\/#primaryimage"},"image":{"@id":"http:\/\/msf.com.es\/es\/curso-conductor-de-carretillas-elevadoras\/#primaryimage"},"thumbnailUrl":"http:\/\/msf.com.es\/es\/wp-content\/uploads\/sites\/2\/2020\/01\/05banner-msf-1.png","datePublished":"2020-01-15T09:42:44+00:00","dateModified":"2021-01-27T13:54:44+00:00","breadcrumb":{"@id":"http:\/\/msf.com.es\/es\/curso-conductor-de-carretillas-elevadoras\/#breadcrumb"},"inLanguage":"es","potentialAction":[{"@type":"ReadAction","target":["http:\/\/msf.com.es\/es\/curso-conductor-de-carretillas-elevadoras\/"]}]},{"@type":"ImageObject","inLanguage":"es","@id":"http:\/\/msf.com.es\/es\/curso-conductor-de-carretillas-elevadoras\/#primaryimage","url":"http:\/\/msf.com.es\/es\/wp-content\/uploads\/sites\/2\/2020\/01\/05banner-msf-1.png","contentUrl":"http:\/\/msf.com.es\/es\/wp-content\/uploads\/sites\/2\/2020\/01\/05banner-msf-1.png","width":820,"height":325},{"@type":"BreadcrumbList","@id":"http:\/\/msf.com.es\/es\/curso-conductor-de-carretillas-elevadoras\/#breadcrumb","itemListElement":[{"@type":"ListItem","position":1,"name":"Portada","item":"http:\/\/msf.com.es\/es\/"},{"@type":"ListItem","position":2,"name":"Curso Conductor de Carretillas Elevadoras"}]},{"@type":"WebSite","@id":"http:\/\/msf.com.es\/es\/#website","url":"http:\/\/msf.com.es\/es\/","name":"RENT A CAR MSF","description":"Alquiler de equipos y maquinaria industrial","potentialAction":[{"@type":"SearchAction","target":{"@type":"EntryPoint","urlTemplate":"http:\/\/msf.com.es\/es\/?s={search_term_string}"},"query-input":{"@type":"PropertyValueSpecification","valueRequired":true,"valueName":"search_term_string"}}],"inLanguage":"es"}]}},"_links":{"self":[{"href":"http:\/\/msf.com.es\/es\/wp-json\/wp\/v2\/pages\/793","targetHints":{"allow":["GET"]}}],"collection":[{"href":"http:\/\/msf.com.es\/es\/wp-json\/wp\/v2\/pages"}],"about":[{"href":"http:\/\/msf.com.es\/es\/wp-json\/wp\/v2\/types\/page"}],"author":[{"embeddable":true,"href":"http:\/\/msf.com.es\/es\/wp-json\/wp\/v2\/users\/1"}],"replies":[{"embeddable":true,"href":"http:\/\/msf.com.es\/es\/wp-json\/wp\/v2\/comments?post=793"}],"version-history":[{"count":174,"href":"http:\/\/msf.com.es\/es\/wp-json\/wp\/v2\/pages\/793\/revisions"}],"predecessor-version":[{"id":1263,"href":"http:\/\/msf.com.es\/es\/wp-json\/wp\/v2\/pages\/793\/revisions\/1263"}],"wp:attachment":[{"href":"http:\/\/msf.com.es\/es\/wp-json\/wp\/v2\/media?parent=793"}],"curies":[{"name":"wp","href":"https:\/\/api.w.org\/{rel}","templated":true}]}}